{"id":80,"date":"2022-11-28T22:18:13","date_gmt":"2022-11-28T21:18:13","guid":{"rendered":"https:\/\/rauhnacht.mit-sicherheit-griesinger.de\/?page_id=80"},"modified":"2022-12-20T21:36:17","modified_gmt":"2022-12-20T20:36:17","slug":"t1","status":"publish","type":"page","link":"https:\/\/rauhnacht.mit-sicherheit-griesinger.de\/index.php\/t1\/","title":{"rendered":"1"},"content":{"rendered":"\t\t<div data-elementor-type=\"wp-page\" data-elementor-id=\"80\" class=\"elementor elementor-80\">\n\t\t\t\t\t\t\t\t\t<section class=\"elementor-section elementor-top-section elementor-element elementor-element-4231236 elementor-section-boxed elementor-section-height-default elementor-section-height-default elementor-invisible\" data-id=\"4231236\" data-element_type=\"section\" data-settings=\"{&quot;animation&quot;:&quot;fadeInLeft&quot;,&quot;animation_delay&quot;:1000}\">\n\t\t\t\t\t\t<div class=\"elementor-container elementor-column-gap-default\">\n\t\t\t\t\t<div class=\"elementor-column elementor-col-100 elementor-top-column elementor-element elementor-element-eeea5ef\" data-id=\"eeea5ef\" data-element_type=\"column\">\n\t\t\t<div class=\"elementor-widget-wrap elementor-element-populated\">\n\t\t\t\t\t\t\t\t<section class=\"elementor-section elementor-inner-section elementor-element elementor-element-0823b5c elementor-section-boxed elementor-section-height-default elementor-section-height-default\" data-id=\"0823b5c\" data-element_type=\"section\">\n\t\t\t\t\t\t<div class=\"elementor-container elementor-column-gap-default\">\n\t\t\t\t\t<div class=\"elementor-column elementor-col-100 elementor-inner-column elementor-element elementor-element-f6c76ff\" data-id=\"f6c76ff\" data-element_type=\"column\">\n\t\t\t<div class=\"elementor-widget-wrap elementor-element-populated\">\n\t\t\t\t\t\t\t\t<div class=\"elementor-element elementor-element-5f61f92 elementor-widget elementor-widget-heading\" data-id=\"5f61f92\" data-element_type=\"widget\" data-widget_type=\"heading.default\">\n\t\t\t\t<div class=\"elementor-widget-container\">\n\t\t\t<style>\/*! elementor - v3.9.1 - 14-12-2022 *\/\n.elementor-heading-title{padding:0;margin:0;line-height:1}.elementor-widget-heading .elementor-heading-title[class*=elementor-size-]>a{color:inherit;font-size:inherit;line-height:inherit}.elementor-widget-heading .elementor-heading-title.elementor-size-small{font-size:15px}.elementor-widget-heading .elementor-heading-title.elementor-size-medium{font-size:19px}.elementor-widget-heading .elementor-heading-title.elementor-size-large{font-size:29px}.elementor-widget-heading .elementor-heading-title.elementor-size-xl{font-size:39px}.elementor-widget-heading .elementor-heading-title.elementor-size-xxl{font-size:59px}<\/style><h2 class=\"elementor-heading-title elementor-size-default\">1. Rauhnacht 24.\/25. Dezember<\/h2>\t\t<\/div>\n\t\t\t\t<\/div>\n\t\t\t\t\t<\/div>\n\t\t<\/div>\n\t\t\t\t\t\t\t<\/div>\n\t\t<\/section>\n\t\t\t\t\t<\/div>\n\t\t<\/div>\n\t\t\t\t\t\t\t<\/div>\n\t\t<\/section>\n\t\t\t\t<section class=\"elementor-section elementor-top-section elementor-element elementor-element-882e157 elementor-section-boxed elementor-section-height-default elementor-section-height-default elementor-invisible\" data-id=\"882e157\" data-element_type=\"section\" data-settings=\"{&quot;animation&quot;:&quot;fadeInDown&quot;}\">\n\t\t\t\t\t\t<div class=\"elementor-container elementor-column-gap-default\">\n\t\t\t\t\t<div class=\"elementor-column elementor-col-100 elementor-top-column elementor-element elementor-element-08ba525\" data-id=\"08ba525\" data-element_type=\"column\">\n\t\t\t<div class=\"elementor-widget-wrap elementor-element-populated\">\n\t\t\t\t\t\t\t\t<div class=\"elementor-element elementor-element-bd53252 elementor-widget elementor-widget-image\" data-id=\"bd53252\" data-element_type=\"widget\" data-widget_type=\"image.default\">\n\t\t\t\t<div class=\"elementor-widget-container\">\n\t\t\t<style>\/*! elementor - v3.9.1 - 14-12-2022 *\/\n.elementor-widget-image{text-align:center}.elementor-widget-image a{display:inline-block}.elementor-widget-image a img[src$=\".svg\"]{width:48px}.elementor-widget-image img{vertical-align:middle;display:inline-block}<\/style>\t\t\t\t\t\t\t\t\t\t\t\t<img loading=\"lazy\" decoding=\"async\" width=\"940\" height=\"788\" src=\"https:\/\/rauhnacht.mit-sicherheit-griesinger.de\/wp-content\/uploads\/2022\/12\/3.jpg\" class=\"attachment-large size-large wp-image-490\" alt=\"\" srcset=\"https:\/\/rauhnacht.mit-sicherheit-griesinger.de\/wp-content\/uploads\/2022\/12\/3.jpg 940w, https:\/\/rauhnacht.mit-sicherheit-griesinger.de\/wp-content\/uploads\/2022\/12\/3-300x251.jpg 300w, https:\/\/rauhnacht.mit-sicherheit-griesinger.de\/wp-content\/uploads\/2022\/12\/3-768x644.jpg 768w\" sizes=\"auto, (max-width: 940px) 100vw, 940px\" \/>\t\t\t\t\t\t\t\t\t\t\t\t\t\t\t<\/div>\n\t\t\t\t<\/div>\n\t\t\t\t\t<\/div>\n\t\t<\/div>\n\t\t\t\t\t\t\t<\/div>\n\t\t<\/section>\n\t\t\t\t<section class=\"elementor-section elementor-top-section elementor-element elementor-element-7b8f761 animated-slow elementor-section-boxed elementor-section-height-default elementor-section-height-default elementor-invisible\" data-id=\"7b8f761\" data-element_type=\"section\" data-settings=\"{&quot;animation&quot;:&quot;bounceInUp&quot;}\">\n\t\t\t\t\t\t<div class=\"elementor-container elementor-column-gap-default\">\n\t\t\t\t\t<div class=\"elementor-column elementor-col-100 elementor-top-column elementor-element elementor-element-f2762fc\" data-id=\"f2762fc\" data-element_type=\"column\" data-settings=\"{&quot;background_background&quot;:&quot;classic&quot;}\">\n\t\t\t<div class=\"elementor-widget-wrap elementor-element-populated\">\n\t\t\t\t\t\t\t\t<div class=\"elementor-element elementor-element-060dad9 elementor-widget elementor-widget-text-editor\" data-id=\"060dad9\" data-element_type=\"widget\" data-widget_type=\"text-editor.default\">\n\t\t\t\t<div class=\"elementor-widget-container\">\n\t\t\t<style>\/*! elementor - v3.9.1 - 14-12-2022 *\/\n.elementor-widget-text-editor.elementor-drop-cap-view-stacked .elementor-drop-cap{background-color:#818a91;color:#fff}.elementor-widget-text-editor.elementor-drop-cap-view-framed .elementor-drop-cap{color:#818a91;border:3px solid;background-color:transparent}.elementor-widget-text-editor:not(.elementor-drop-cap-view-default) .elementor-drop-cap{margin-top:8px}.elementor-widget-text-editor:not(.elementor-drop-cap-view-default) .elementor-drop-cap-letter{width:1em;height:1em}.elementor-widget-text-editor .elementor-drop-cap{float:left;text-align:center;line-height:1;font-size:50px}.elementor-widget-text-editor .elementor-drop-cap-letter{display:inline-block}<\/style>\t\t\t\t<ol><li><strong> Rauhnacht 24.\/25. Dezember <\/strong><\/li><\/ol><p><strong>Die Basis<\/strong><\/p><p>Tierkreiszeichen: Steinbock<\/p><p>Dieser 25. Dezember steht f\u00fcr den Monat Januar<br \/><br \/><\/p><p><strong>Das Thema dieser Rauhnacht ist die Basis, die Grundlage unseres Seins. <br \/>Was gibt Dir Stabilit\u00e4t, wo bist Du verwurzelt, woher kommst Du?<br \/><br \/><\/strong><\/p><p>Die erste Rauhnacht die Basis die Reise zu Dir selbst. Richte Deinen Blick zur\u00fcck, selbst wenn es schmerzt. Nur so kannst Du Dich von alten Fesseln l\u00f6sen und einen Neubeginn Wagen. <br \/>Wer bist Du was macht Dich aus, welche Masken tr\u00e4gst Du, welche Masken setzt Du je nach Situation auf. Suche dein wahres Ich. <br \/>Lege die Masken ab. Schau zur\u00fcck und erkennen welchen Situationen Du Masken getragen hast. <br \/>Sei Du selbst sei w\u00fctend, verzweifelt, euphorisch, dankbar, dem\u00fctig, verdrossen, schmollen, albern oder auch verr\u00fcckt. <br \/>Lasse alles zu, all die Facetten des Lebens, denn Du bist wundervoll so wie Du bist.<\/p><p><br \/><strong>Wenn Du Deine Basis kennst, weist woher Du Deine St\u00e4rke und Kraft bekommst, Deine Stabilit\u00e4t und Sicherheit, kannst Du anfangen ein Fundament zu legen und damit den ersten Schritt auf dem Weg zu einem gro\u00dfen Projekt beginnen.<\/strong><\/p><p>\u00a0<\/p><p>Dieser Tag eignet sich hervorragend dazu die eigenen Wurzeln zu st\u00e4rken.<\/p><p><br \/>Betrachte Deine Basis schau auf Deine Familie, Deine Wurzeln, auf welchem Fundament stehst Du und was m\u00f6chte Heilung erfahren.<\/p><p>\u00a0<\/p><p>Z\u00fcnde f\u00fcr alle die Du liebst ein Licht an und segne sie von ganzem Herzen. <br \/>Mache auch der Natur ein Geschenk. <br \/>Das k\u00f6nnen K\u00f6rner f\u00fcr die V\u00f6gel, N\u00fcsse etwas Obst oder einige M\u00f6hren f\u00fcr Kaninchen oder andere Kleintiere sein. <br \/>Lege das Geschenk mit guten W\u00fcnschen in Deinem Herzen an die Wurzeln eines Baumes oder schenke jemanden dem es schlechter geht als Dir etwas das von Herzen kommt.<\/p><p>Beginne heute dein Raunachtstagebuch zu schreiben und die Ereignisse um Dich herum genau zu beobachten. Wetter, Stimmung Gedanken und Gef\u00fchle, alles was Dir in den Sinn kommt.<br \/><br \/>Achte auf Deine Tr\u00e4ume alles, was wir in der materiellen Welt erleben, ist in der Welt der Gedanken, Gef\u00fchle und Energie entstanden. <br \/>Alles wird bevor es real wird, zuerst einmal getr\u00e4umt, gedacht und visualisiert. <br \/>Schenke Deinen Tr\u00e4umen jetzt Deine Aufmerksamkeit. <br \/>Schreibe auf was Du aus der Nacht empf\u00e4ngst. <br \/>Wenn Du Dich nicht mehr an das getr\u00e4umte Erinnern kannst, schreibe das Gef\u00fchl auf, das Du beim Erwachen hast.<\/p><p>\u00a0<\/p>\t\t\t\t\t\t<\/div>\n\t\t\t\t<\/div>\n\t\t\t\t\t<\/div>\n\t\t<\/div>\n\t\t\t\t\t\t\t<\/div>\n\t\t<\/section>\n\t\t\t\t\t\t\t<\/div>\n\t\t","protected":false},"excerpt":{"rendered":"<p>1. Rauhnacht 24.\/25. Dezember Rauhnacht 24.\/25. Dezember Die Basis Tierkreiszeichen: Steinbock Dieser 25. Dezember steht f\u00fcr den Monat Januar Das Thema dieser Rauhnacht ist die Basis, die Grundlage unseres Seins. Was gibt Dir Stabilit\u00e4t, wo bist Du verwurzelt, woher kommst Du? Die erste Rauhnacht die Basis die Reise zu Dir selbst. Richte Deinen Blick zur\u00fcck, [&hellip;]<\/p>\n","protected":false},"author":1,"featured_media":0,"parent":0,"menu_order":0,"comment_status":"closed","ping_status":"closed","template":"","meta":{"footnotes":""},"class_list":["post-80","page","type-page","status-publish","hentry"],"_links":{"self":[{"href":"https:\/\/rauhnacht.mit-sicherheit-griesinger.de\/index.php\/wp-json\/wp\/v2\/pages\/80","targetHints":{"allow":["GET"]}}],"collection":[{"href":"https:\/\/rauhnacht.mit-sicherheit-griesinger.de\/index.php\/wp-json\/wp\/v2\/pages"}],"about":[{"href":"https:\/\/rauhnacht.mit-sicherheit-griesinger.de\/index.php\/wp-json\/wp\/v2\/types\/page"}],"author":[{"embeddable":true,"href":"https:\/\/rauhnacht.mit-sicherheit-griesinger.de\/index.php\/wp-json\/wp\/v2\/users\/1"}],"replies":[{"embeddable":true,"href":"https:\/\/rauhnacht.mit-sicherheit-griesinger.de\/index.php\/wp-json\/wp\/v2\/comments?post=80"}],"version-history":[{"count":10,"href":"https:\/\/rauhnacht.mit-sicherheit-griesinger.de\/index.php\/wp-json\/wp\/v2\/pages\/80\/revisions"}],"predecessor-version":[{"id":505,"href":"https:\/\/rauhnacht.mit-sicherheit-griesinger.de\/index.php\/wp-json\/wp\/v2\/pages\/80\/revisions\/505"}],"wp:attachment":[{"href":"https:\/\/rauhnacht.mit-sicherheit-griesinger.de\/index.php\/wp-json\/wp\/v2\/media?parent=80"}],"curies":[{"name":"wp","href":"https:\/\/api.w.org\/{rel}","templated":true}]}}