{"id":202,"date":"2022-11-29T19:02:31","date_gmt":"2022-11-29T18:02:31","guid":{"rendered":"https:\/\/rauhnacht.mit-sicherheit-griesinger.de\/?page_id=202"},"modified":"2022-12-20T21:46:52","modified_gmt":"2022-12-20T20:46:52","slug":"t2","status":"publish","type":"page","link":"https:\/\/rauhnacht.mit-sicherheit-griesinger.de\/index.php\/t2\/","title":{"rendered":"2"},"content":{"rendered":"\t\t<div data-elementor-type=\"wp-page\" data-elementor-id=\"202\" class=\"elementor elementor-202\">\n\t\t\t\t\t\t\t\t\t<section class=\"elementor-section elementor-top-section elementor-element elementor-element-4d4c294e elementor-section-boxed elementor-section-height-default elementor-section-height-default elementor-invisible\" data-id=\"4d4c294e\" data-element_type=\"section\" data-settings=\"{&quot;animation&quot;:&quot;fadeInLeft&quot;,&quot;animation_delay&quot;:1000}\">\n\t\t\t\t\t\t<div class=\"elementor-container elementor-column-gap-default\">\n\t\t\t\t\t<div class=\"elementor-column elementor-col-100 elementor-top-column elementor-element elementor-element-a4ac2\" data-id=\"a4ac2\" data-element_type=\"column\">\n\t\t\t<div class=\"elementor-widget-wrap elementor-element-populated\">\n\t\t\t\t\t\t\t\t<section class=\"elementor-section elementor-inner-section elementor-element elementor-element-65c922bf elementor-section-boxed elementor-section-height-default elementor-section-height-default\" data-id=\"65c922bf\" data-element_type=\"section\">\n\t\t\t\t\t\t<div class=\"elementor-container elementor-column-gap-default\">\n\t\t\t\t\t<div class=\"elementor-column elementor-col-100 elementor-inner-column elementor-element elementor-element-39ad2ae0\" data-id=\"39ad2ae0\" data-element_type=\"column\">\n\t\t\t<div class=\"elementor-widget-wrap elementor-element-populated\">\n\t\t\t\t\t\t\t\t<div class=\"elementor-element elementor-element-8c2cb3a elementor-widget elementor-widget-heading\" data-id=\"8c2cb3a\" data-element_type=\"widget\" data-widget_type=\"heading.default\">\n\t\t\t\t<div class=\"elementor-widget-container\">\n\t\t\t<style>\/*! elementor - v3.9.1 - 14-12-2022 *\/\n.elementor-heading-title{padding:0;margin:0;line-height:1}.elementor-widget-heading .elementor-heading-title[class*=elementor-size-]>a{color:inherit;font-size:inherit;line-height:inherit}.elementor-widget-heading .elementor-heading-title.elementor-size-small{font-size:15px}.elementor-widget-heading .elementor-heading-title.elementor-size-medium{font-size:19px}.elementor-widget-heading .elementor-heading-title.elementor-size-large{font-size:29px}.elementor-widget-heading .elementor-heading-title.elementor-size-xl{font-size:39px}.elementor-widget-heading .elementor-heading-title.elementor-size-xxl{font-size:59px}<\/style><h2 class=\"elementor-heading-title elementor-size-default\">2. Rauhnacht 25.\/26. Dezember<\/h2>\t\t<\/div>\n\t\t\t\t<\/div>\n\t\t\t\t\t<\/div>\n\t\t<\/div>\n\t\t\t\t\t\t\t<\/div>\n\t\t<\/section>\n\t\t\t\t\t<\/div>\n\t\t<\/div>\n\t\t\t\t\t\t\t<\/div>\n\t\t<\/section>\n\t\t\t\t<section class=\"elementor-section elementor-top-section elementor-element elementor-element-61d76fcb elementor-section-boxed elementor-section-height-default elementor-section-height-default elementor-invisible\" data-id=\"61d76fcb\" data-element_type=\"section\" data-settings=\"{&quot;animation&quot;:&quot;fadeInDown&quot;}\">\n\t\t\t\t\t\t<div class=\"elementor-container elementor-column-gap-default\">\n\t\t\t\t\t<div class=\"elementor-column elementor-col-100 elementor-top-column elementor-element elementor-element-56f67fc0\" data-id=\"56f67fc0\" data-element_type=\"column\">\n\t\t\t<div class=\"elementor-widget-wrap elementor-element-populated\">\n\t\t\t\t\t\t\t\t<div class=\"elementor-element elementor-element-886637c elementor-widget elementor-widget-image\" data-id=\"886637c\" data-element_type=\"widget\" data-widget_type=\"image.default\">\n\t\t\t\t<div class=\"elementor-widget-container\">\n\t\t\t<style>\/*! elementor - v3.9.1 - 14-12-2022 *\/\n.elementor-widget-image{text-align:center}.elementor-widget-image a{display:inline-block}.elementor-widget-image a img[src$=\".svg\"]{width:48px}.elementor-widget-image img{vertical-align:middle;display:inline-block}<\/style>\t\t\t\t\t\t\t\t\t\t\t\t<img loading=\"lazy\" decoding=\"async\" width=\"940\" height=\"788\" src=\"https:\/\/rauhnacht.mit-sicherheit-griesinger.de\/wp-content\/uploads\/2022\/12\/2.jpg\" class=\"attachment-large size-large wp-image-487\" alt=\"\" srcset=\"https:\/\/rauhnacht.mit-sicherheit-griesinger.de\/wp-content\/uploads\/2022\/12\/2.jpg 940w, https:\/\/rauhnacht.mit-sicherheit-griesinger.de\/wp-content\/uploads\/2022\/12\/2-300x251.jpg 300w, https:\/\/rauhnacht.mit-sicherheit-griesinger.de\/wp-content\/uploads\/2022\/12\/2-768x644.jpg 768w\" sizes=\"auto, (max-width: 940px) 100vw, 940px\" \/>\t\t\t\t\t\t\t\t\t\t\t\t\t\t\t<\/div>\n\t\t\t\t<\/div>\n\t\t\t\t\t<\/div>\n\t\t<\/div>\n\t\t\t\t\t\t\t<\/div>\n\t\t<\/section>\n\t\t\t\t<section class=\"elementor-section elementor-top-section elementor-element elementor-element-1cde2b83 animated-slow elementor-section-boxed elementor-section-height-default elementor-section-height-default elementor-invisible\" data-id=\"1cde2b83\" data-element_type=\"section\" data-settings=\"{&quot;animation&quot;:&quot;bounceInUp&quot;}\">\n\t\t\t\t\t\t<div class=\"elementor-container elementor-column-gap-default\">\n\t\t\t\t\t<div class=\"elementor-column elementor-col-100 elementor-top-column elementor-element elementor-element-354a2887\" data-id=\"354a2887\" data-element_type=\"column\" data-settings=\"{&quot;background_background&quot;:&quot;classic&quot;}\">\n\t\t\t<div class=\"elementor-widget-wrap elementor-element-populated\">\n\t\t\t\t\t\t\t\t<div class=\"elementor-element elementor-element-4d6ec4a9 elementor-widget elementor-widget-text-editor\" data-id=\"4d6ec4a9\" data-element_type=\"widget\" data-widget_type=\"text-editor.default\">\n\t\t\t\t<div class=\"elementor-widget-container\">\n\t\t\t<style>\/*! elementor - v3.9.1 - 14-12-2022 *\/\n.elementor-widget-text-editor.elementor-drop-cap-view-stacked .elementor-drop-cap{background-color:#818a91;color:#fff}.elementor-widget-text-editor.elementor-drop-cap-view-framed .elementor-drop-cap{color:#818a91;border:3px solid;background-color:transparent}.elementor-widget-text-editor:not(.elementor-drop-cap-view-default) .elementor-drop-cap{margin-top:8px}.elementor-widget-text-editor:not(.elementor-drop-cap-view-default) .elementor-drop-cap-letter{width:1em;height:1em}.elementor-widget-text-editor .elementor-drop-cap{float:left;text-align:center;line-height:1;font-size:50px}.elementor-widget-text-editor .elementor-drop-cap-letter{display:inline-block}<\/style>\t\t\t\t<p><strong>H\u00f6heres Selbst<\/strong><\/p><p>Tierkreiszeichen: Wassermann<\/p><p>Dieser 26. Dezember steht f\u00fcr den Monat Februar<br \/><br \/><\/p><p><strong>Thema: Innere F\u00fchrung, H\u00f6heres selbst, Verbindung mit der Quelle in Dir.<\/strong><\/p><p>Dieser Tag ist dazu da, sich eine Freiheit zu nehmen und mit etwas v\u00f6llig Neuem zu experimentieren.<\/p><p><strong>\u00a0<\/strong><\/p><p>Dieser Tag ist der Anbindung an Deine eigene h\u00f6here Natur gewidmet.<\/p><p>Hab vertrauen, Du bist beh\u00fctet von Kr\u00e4ften und lichtvollen Energien, die Dich tragen und begleiten.<\/p><p>Also kannst Du die Schwere loslassen und abgeben.<\/p><p>\u00a0<\/p><p>Ganz tief in Dir erf\u00e4hrst Du, was in der kommenden Zeit wichtig f\u00fcr Dich ist und welche Kr\u00e4fte und Seelenf\u00fchrer Dich begleiten werden.<\/p><p><br \/><br \/><strong>Gehe in die Natur und nehme wahr.<\/strong><\/p><p>Es gibt viele Wege sich mit der geistigen Welt zu verbinden. Astrologie, Orakel, innere Reisen, Meditation, singen, tanzen, spazieren oder schweige \u00dcbungen.<\/p><p>\u00a0<\/p><p><strong>Worauf suchst Du eine Antwort? Welche Fragen brennen in Deiner Seele? Nimm Dir Zeit, konzentriere Dich und achte auf Deine innere Stimme. <br \/><br \/><\/strong><\/p><p>Stell Deine Frage und werde still lausche f\u00fcr mindestens f\u00fcnf Minuten in Dich hinein notiere, was Du empf\u00e4ngst. <br \/>Egal ob es Gedanken oder Gef\u00fchle sind, ein Jucken am Fu\u00df, ein Kitzeln an der Nase achte auf alles. Deine innere Stimme hilft Dir den besten Weg f\u00fcr Dich zu finden.<br \/><br \/><\/p><p><strong>Frage Dich:<\/strong> Was begleitet mich in das neue Jahr?<\/p><p>Wer steht mir zur Seite?<\/p><p>Welches Symbol ist im kommenden Jahr wichtig?<\/p><p>Wer begleitet mich?<\/p><p>Wer oder was gibt mir Kraft?<\/p><p>Was tut mir gut im neuen Jahr?<\/p><p>Was gibt es noch zu l\u00f6sen oder zu erl\u00f6sen?<\/p><p>Was sind meine Ziele im neuen Jahr?<\/p><p>Mit welchen Menschen m\u00f6chte ich Kontakt haben? <br \/><br \/><\/p><p><strong>Richte Dir einen besonderen Ort in Deiner Wohnung ein, lege die Symbole dazu, die Dich im neuen Jahr st\u00e4rken sollen. (Gl\u00fccksbringer, Erinnerungst\u00fccke, Steine, Kastanien, Muscheln, alles was Dir gef\u00e4llt)<br \/><br \/><\/strong><\/p><p>Male Dir Bilder der Kr\u00e4fte, die mit Dir sein sollen oder bastele eine Collage, die Du Dir \u00fcber den Schreibtisch h\u00e4ngst und die Dich stets daran erinnert, dass Du gesch\u00fctzt und gesegnet bist. Mach es spielerisch, wie ein Kind, hab Spa\u00df. <br \/><br \/><\/p>\t\t\t\t\t\t<\/div>\n\t\t\t\t<\/div>\n\t\t\t\t\t<\/div>\n\t\t<\/div>\n\t\t\t\t\t\t\t<\/div>\n\t\t<\/section>\n\t\t\t\t\t\t\t<\/div>\n\t\t","protected":false},"excerpt":{"rendered":"<p>2. Rauhnacht 25.\/26. Dezember H\u00f6heres Selbst Tierkreiszeichen: Wassermann Dieser 26. Dezember steht f\u00fcr den Monat Februar Thema: Innere F\u00fchrung, H\u00f6heres selbst, Verbindung mit der Quelle in Dir. Dieser Tag ist dazu da, sich eine Freiheit zu nehmen und mit etwas v\u00f6llig Neuem zu experimentieren. \u00a0 Dieser Tag ist der Anbindung an Deine eigene h\u00f6here Natur [&hellip;]<\/p>\n","protected":false},"author":1,"featured_media":0,"parent":0,"menu_order":0,"comment_status":"closed","ping_status":"closed","template":"","meta":{"footnotes":""},"class_list":["post-202","page","type-page","status-publish","hentry"],"_links":{"self":[{"href":"https:\/\/rauhnacht.mit-sicherheit-griesinger.de\/index.php\/wp-json\/wp\/v2\/pages\/202","targetHints":{"allow":["GET"]}}],"collection":[{"href":"https:\/\/rauhnacht.mit-sicherheit-griesinger.de\/index.php\/wp-json\/wp\/v2\/pages"}],"about":[{"href":"https:\/\/rauhnacht.mit-sicherheit-griesinger.de\/index.php\/wp-json\/wp\/v2\/types\/page"}],"author":[{"embeddable":true,"href":"https:\/\/rauhnacht.mit-sicherheit-griesinger.de\/index.php\/wp-json\/wp\/v2\/users\/1"}],"replies":[{"embeddable":true,"href":"https:\/\/rauhnacht.mit-sicherheit-griesinger.de\/index.php\/wp-json\/wp\/v2\/comments?post=202"}],"version-history":[{"count":11,"href":"https:\/\/rauhnacht.mit-sicherheit-griesinger.de\/index.php\/wp-json\/wp\/v2\/pages\/202\/revisions"}],"predecessor-version":[{"id":512,"href":"https:\/\/rauhnacht.mit-sicherheit-griesinger.de\/index.php\/wp-json\/wp\/v2\/pages\/202\/revisions\/512"}],"wp:attachment":[{"href":"https:\/\/rauhnacht.mit-sicherheit-griesinger.de\/index.php\/wp-json\/wp\/v2\/media?parent=202"}],"curies":[{"name":"wp","href":"https:\/\/api.w.org\/{rel}","templated":true}]}}